{"id":933,"date":"2023-03-14T23:17:58","date_gmt":"2023-03-14T22:17:58","guid":{"rendered":"https:\/\/paris-pocket.com\/condizioni-generali-di-vendita\/"},"modified":"2026-02-26T13:57:26","modified_gmt":"2026-02-26T12:57:26","slug":"condizioni-generali-di-vendita","status":"publish","type":"page","link":"https:\/\/paris-pocket.com\/it\/condizioni-generali-di-vendita\/","title":{"rendered":"Condizioni generali di vendita"},"content":{"rendered":"\t\t<div data-elementor-type=\"wp-page\" data-elementor-id=\"933\" class=\"elementor elementor-933\" data-elementor-post-type=\"page\">\n\t\t\t\t<div class=\"elementor-element elementor-element-1b0ea708 e-flex e-con-boxed wpr-particle-no wpr-jarallax-no wpr-parallax-no wpr-sticky-section-no wpr-equal-height-no e-con e-parent\" data-id=\"1b0ea708\" data-element_type=\"container\" data-e-type=\"container\">\n\t\t\t\t\t<div class=\"e-con-inner\">\n\t\t\t\t<div class=\"elementor-element elementor-element-662bc063 elementor-widget elementor-widget-text-editor\" data-id=\"662bc063\" data-element_type=\"widget\" data-e-type=\"widget\" data-widget_type=\"text-editor.default\">\n\t\t\t\t<div class=\"elementor-widget-container\">\n\t\t\t\t\t\t\t\t\t<p><\/p>\n<p><em>La societ\u00e0 \u201cParis pocket \u2013 Facilitateur de vie<\/em><sup>\u00ae<\/sup><em>\u201d \u00e8 immatricolata in Francia e segue quindi il diritto francese, quella che segue \u00e8 una traduzione delle<\/em><em>&nbsp;<\/em><a href=\"https:\/\/www.paris-pocket.com\/cgv\/\"><em>Condizioni generali di utilizzo francesi<\/em><\/a><em>.<\/em><\/p>\n<p><\/p>\n<p><strong><em>PREMESSA<\/em><\/strong><\/p>\n<p><\/p>\n<p>La societ\u00e0 \u00ab Paris pocket \u2013 Facilitateur de vie<sup>\u00ae<\/sup>&nbsp;\u00bb, la cui sede \u00e8 al 232 boulevard Voltaire \u2013 75011 \u2013 Paris, propone dei servizi di assistenza amministrativa e di agenzia di servizi per privati e professionisti, effettuati a domicilio, in ufficio o a distanza. \u00c8 quindi intermediaria tra il cliente e i professionisti, rimanendo in alcuni casi fornitore diretto se il servizio richiesto non richiede una qualifica particolare.<\/p>\n<p><\/p>\n<p><strong><em>Articolo 1: ACCETTAZIONE DELLE CONDIZIONI D\u2019USO<\/em><\/strong><\/p>\n<p><\/p>\n<p>Le presenti Condizioni generali di vendita sono accessibili sul sito&nbsp;<a href=\"https:\/\/www.paris-pocket.com\/\">www.paris-pocket.com<\/a>. Ogni ordine effettuato dal cliente vale come accettazione, senza restrizione ne riserva, delle presenti condizioni generali di vendita, lequali prevalgono su ogni altro documento emesso dalla societ\u00e0 \u00ab&nbsp;Paris pocket \u2013 Facilitateur de vie<sup>\u00ae<\/sup>&nbsp;\u00bb.<\/p>\n<p><\/p>\n<p>Ogni altra condizione imposta dal cliente sar\u00e0, tranne accettazione preliminare da parte della societ\u00e0 \u00ab&nbsp;Paris pocket \u2013 Facilitateur de vie<sup>\u00ae<\/sup>&nbsp;\u00bb, inoppugnabile a quest\u2019ultima, in qualsiasi momento sia essa portata a sua conoscenza. Se la societ\u00e0 \u00ab&nbsp;Paris pocket \u2013 Facilitateur de vie<sup>\u00ae<\/sup>&nbsp;\u00bb non si avvale di una qualsiasi delle disposizioni delle presenti Condizioni generali di vendita, questa tolleranza non pu\u00f2 in nessun caso essere interpretata come una rinuncia a valersi ulteriormente delle suddette condizioni.<\/p>\n<p><\/p>\n<p><strong><em>&nbsp;<\/em><\/strong><strong><em>Articolo 2: PRESTAZIONI e TARIFFE<\/em><\/strong><\/p>\n<p><\/p>\n<p>Sono proposti dei servizi a tariffa oraria, all\u2019unit\u00e0 e\/o dei pacchetti personalizzati, pagabili al momento dell\u2019acquisto della prestazione o una volta al mese se si tratta di una tariffa oraria. La lista non esaustiva delle prestazioni e le tariffe possono essere consultate sul sito&nbsp;<a href=\"https:\/\/www.paris-pocket.com\/\">www.paris-pocket.com<\/a>.<\/p>\n<p><\/p>\n<p><strong><em>&nbsp;<\/em><\/strong><strong><em>Articolo 3: ACQUISTO<\/em><\/strong><\/p>\n<p><\/p>\n<p>Ogni acquisto del cliente sar\u00e0 preceduto dalla redazione di un preventivo o di un contratto di prestazione di servizio firmato dal cliente. La redazione di ogni preventivo\/contratto necessiter\u00e0 un contatto preliminare tra le parti per email a:&nbsp;<a href=\"mailto:info@paris-pocket.com\">info@paris-pocket.com<\/a>.<\/p>\n<p><\/p>\n<p>Il cliente garantisce l\u2019esattezza delle informazioni fornite alla societ\u00e0 \u00ab&nbsp;Paris pocket \u2013 Facilitateur de vie<sup>\u00ae<\/sup>&nbsp;\u00bb. Riconosce di essere maggiorenne e di avere la capacit\u00e0 legale di impegnarsi a pagare.<\/p>\n<p><\/p>\n<p>La societ\u00e0 \u00ab&nbsp;Paris pocket \u2013 Facilitateur de vie<sup>\u00ae<\/sup>&nbsp;\u00bb sar\u00e0 vincolata solamente dopo la ricezione del preventivo\/contratto firmato dal cliente. I preventivi emessi dalla societ\u00e0 \u00ab&nbsp;Paris pocket \u2013 Facilitateur de vie<sup>\u00ae<\/sup>&nbsp;\u00bb sono validi 1 mese, con riserva che i fornitori non procedano durante questo lasso di tempo a un aumento dei prezzi sulla loro merce o sui loro servizi.<\/p>\n<p><\/p>\n<p>La societ\u00e0 \u00ab&nbsp;Paris pocket \u2013 Facilitateur de vie<sup>\u00ae<\/sup>&nbsp;\u00bb si impegna a rispondere alla domanda del cliente nel pi\u00f9 breve tempo possibile.<\/p>\n<p><\/p>\n<p>Se la prestazione non pu\u00f2 essere fornita nelle condizioni decise al momento dell\u2019acquisto, una proposta alternativa potr\u00e0 essere fatta al cliente. Se quest\u2019ultima non \u00e8 accettata, un rimborso potr\u00e0 essere proposto per le prestazioni che non rientrano in un forfait.<\/p>\n<p><\/p>\n<p>Nel caso in cui il fornitore non sia in grado di effettuare la prestazione in maniera conforme alla domanda del cliente, sar\u00e0 cura del cliente di domandare direttamente il rimborso al fornitore.<\/p>\n<p><\/p>\n<p>La societ\u00e0 \u00ab&nbsp;Paris pocket \u2013 Facilitateur de vie<sup>\u00ae<\/sup>&nbsp;\u00bb, in qualit\u00e0 di intermediario, non \u00e8 responsabile del prodotto o del servizio consegnato dal fornitore al cliente.<\/p>\n<p><\/p>\n<p><strong><em>&nbsp;<\/em><\/strong><strong><em>Articolo&nbsp;4: PAGAMENTI<\/em><\/strong><\/p>\n<p><\/p>\n<p>I prodotti e servizi saranno fatturati sulla base delle tariffe indicate precisamente, in euro e IVA inclusa, al momento della conferma dell\u2019acquisto da parte della societ\u00e0 \u00ab&nbsp;Paris pocket \u2013 Facilitateur de vie<sup>\u00ae<\/sup>&nbsp;\u00bb.<\/p>\n<p><\/p>\n<p>Il mancato pagamento del cliente di una fattura arrivata a scadenza autorizza la societ\u00e0 \u00ab&nbsp;Paris pocket \u2013 Facilitateur de vie<sup>\u00ae<\/sup>&nbsp;\u00bb ad annullare la prestazione in corso.<\/p>\n<p><\/p>\n<p>Penalit\u00e0 di ritardo al tasso annuale di 11%, nessuno sconto in caso di pagamento anticipato.<\/p>\n<p><\/p>\n<p>Compensazione forfettaria per i costi di recupero in caso di ritardo nel pagamento: \u20ac 40<\/p>\n<p><\/p>\n<p><strong><em>Articolo&nbsp;5: CONSEGNA<\/em><\/strong><\/p>\n<p><\/p>\n<p>Le condizioni di consegna saranno definite dalle parti prima dell\u2019inizio della prestazione.<\/p>\n<p><\/p>\n<p>In qualit\u00e0 di intermediario e dipendente dai tempi dei suoi fornitori, la societ\u00e0 \u00ab&nbsp;Paris pocket \u2013 Facilitateur de vie<sup>\u00ae<\/sup>&nbsp;\u00bb non potr\u00e0 essere considerata responsabile dei danni causati da un ritardo nella consegna di un prodotto o servizio. Di conseguenza, il non rispetto dei tempi di consegna stabiliti con i fornitori non potr\u00e0 comportare nessuna indennit\u00e0 di nessuna natura dalla parte della societ\u00e0 \u00ab&nbsp;Paris pocket \u2013 Facilitateur de vie<sup>\u00ae<\/sup>&nbsp;\u00bb. Le stesse condizioni sono valide per quanto riguarda la qualit\u00e0 delle prestazioni effettuate dal fornitore.<\/p>\n<p><\/p>\n<p><strong style=\"font-size: 1rem;\"><em>&nbsp;<\/em><\/strong><strong style=\"font-size: 1rem;\"><em>Articolo 6: DIRITTO DI RECESSO<\/em><\/strong><\/p>\n<p><\/p>\n<p>Conformemente all\u2019articolo L.121-20 del Codice della Consumazione, il cliente dispone di un termine di sette giorni per far valere il suo diritto di recesso, esclusivamente presso i fornitori e non presso la societ\u00e0<\/p>\n<p><\/p>\n<p>\u00ab&nbsp;Paris pocket \u2013 Facilitateur de vie<sup>\u00ae<\/sup>&nbsp;\u00bb. Questo diritto vale a partire dalla ricezione, per i prodotti, o dall\u2019accettazione dell\u2019offerta per le prestazioni di servizio. Se il settimo giorno \u00e8 un sabato, una domenica o un giorno festivo, il termine \u00e8 allora prolungato fino al primo giorno lavorativo seguente.<\/p>\n<p><\/p>\n<p>Il diritto di recesso pu\u00f2 essere esercitato senza dover giustificare un motivo o pagare delle penalit\u00e0, a eccezione fatta delle spese di invio se si presenta il caso. Sar\u00e0 possibile un cambio o un rimborso esclusivamente dalla parte del fornitore. In nessun caso sar\u00e0 accettato un cambio o un rimborso dopo il termine del settimo giorno a partire dalla data di invio per i prodotti, o dall\u2019accettazione dell\u2019offerta per le prestazioni di servizi. Le spese di invio sono a carico esclusivo del cliente e solo il prodotto o il servizio acquistato sar\u00e0 rimborsato dal fornitore. Solo i prodotti inviati in perfetto stato e nei termini di tempo potranno essere cambiati o rimborsati. I prodotti incompleti, danneggiati, rovinati o sporchi non saranno ne ripresi ne cambiati.<\/p>\n<p><\/p>\n<p>I prodotti dovranno essere inviati all\u2019indirizzo del fornitore, le cui coordinate:<\/p>\n<p><\/p>\n<p>\u2013 potranno essere menzionate nella conferma scritta che potr\u00e0 essere indirizzata dalla societ\u00e0 \u00ab&nbsp;Paris pocket \u2013 Facilitateur de vie&nbsp;\u00bb al cliente in seguito all\u2019accettazione del preventivo;<\/p>\n<p><\/p>\n<p>\u2013 saranno fornite dalla societ\u00e0 \u00ab&nbsp;Paris pocket \u2013 Facilitateur de vie&nbsp;\u00bb su semplice richiesta<\/p>\n<p><\/p>\n<p>Attenzione: questo diritto di recesso non si applica ne alle prestazioni di servizio di natura turistica, ne ai prodotti personalizzati secondo le specifiche del cliente o che non possono essere rispediti perch\u00e9 suscettibili di deteriorarsi rapidamente.<\/p>\n<p><\/p>\n<p><strong><em>&nbsp;<\/em><\/strong><strong><em>Articolo 7: DIRITTI DI PROPRIET\u00c0 E TRASFERTA DEI RISCHI<\/em><\/strong><\/p>\n<p><\/p>\n<p>I fornitori della societ\u00e0 \u00ab&nbsp;Paris pocket \u2013 Facilitateur de vie<sup>\u00ae<\/sup>&nbsp;\u00bb conserveranno la propriet\u00e0 dei prodotti fino al pagamento integrale. I prodotti acquistati viaggeranno a rischio e pericolo del cliente, nessuna deroga potr\u00e0 essere fatta a questa regola. In caso di avaria, perdita o oggetti mancanti, sar\u00e0 cura del cliente di gestire la situazione con il trasportatore.<\/p>\n<p><\/p>\n<p>La societ\u00e0 \u00ab&nbsp;Paris pocket \u2013 Facilitateur de vie<sup>\u00ae<\/sup>&nbsp;\u00bb, in qualit\u00e0 di semplice intermediario, sar\u00e0 esonerata da ogni responsabilit\u00e0 relativa al trasporto e alla consegna del prodotto acquistato. Ogni contestazione con un trasportatore \u00e8 quindi sotto la responsabilit\u00e0 esclusiva del cliente.<\/p>\n<p><\/p>\n<p><strong><em>&nbsp;<\/em><\/strong><strong><em>Articolo 8: RESPONSABILIT\u00c0<\/em><\/strong><\/p>\n<p><\/p>\n<p>Il cliente ammette espressamente che la societ\u00e0 \u00ab&nbsp;Paris pocket \u2013 Facilitateur de vie<sup>\u00ae<\/sup>&nbsp;\u00bb \u00e8 un\u2019intermediaria,&nbsp;non sar\u00e0 dunque tenuta a nessun tipo di indennit\u00e0, poich\u00e9 la responsabilit\u00e0 sar\u00e0 dei fornitori.<\/p>\n<p><\/p>\n<p>Il cliente si indirizzer\u00e0 quindi direttamente al fornitore del servizio o del prodotto per ogni domanda di rimborso o qualsiasi altra domanda relativa al prodotto o servizio acquistato tramite l\u2019intermediaria societ\u00e0 \u00ab&nbsp;Paris pocket \u2013 Facilitateur de vie<sup>\u00ae<\/sup>&nbsp;\u00bb.<\/p>\n<p><\/p>\n<p>La societ\u00e0 \u00ab&nbsp;Paris pocket \u2013 Facilitateur de vie&nbsp;\u00bb \u00e8 esonerata da ogni responsabilit\u00e0 relativa all\u2019esecuzione del contratto di vendita e alla consegna dei prodotti e servizi acquistati. La societ\u00e0 \u00ab&nbsp;Paris pocket \u2013 Facilitateur de vie<sup>\u00ae<\/sup>&nbsp;\u00bb potr\u00e0 trasmettere ai fornitori le lettere di reclamo dei clienti. In ogni caso il cliente deve sapere che le CGU della maggioranza dei fornitori prevedono generalmente una limitazione di responsabilit\u00e0 in caso di forza maggiore definita dal Codice Civile, in particolare in caso di scioperi, inondazioni incendio, danni informatici, ecc\u2026<\/p>\n<p><\/p>\n<p>In caso di intervento al domicilio del cliente, quest\u2019ultimo dichiara di non avere contanti, gioielli o altri oggetti di valore al suo domicilio. Se il cliente decide di consegnare le chiavi alla societ\u00e0 \u00ab&nbsp;Paris pocket \u2013 Facilitateur de vie<sup>\u00ae<\/sup>&nbsp;\u00bb per effettuare una prestazione in sua assenza, il cliente esonera la societ\u00e0 \u00ab&nbsp;Paris pocket \u2013 Facilitateur de vie<sup>\u00ae<\/sup>&nbsp;\u00bb di ogni responsabilit\u00e0 in caso di contestazione.<\/p>\n<p><\/p>\n<p><strong><em>&nbsp;<\/em><\/strong><strong><em>Articolo 9: PRIVACY (CNIL)<\/em><\/strong><\/p>\n<p><\/p>\n<p>Conformemente alla legge informatica e libert\u00e0 del 6 gennaio 1978 il cliente dispone di un diritto di accesso, di rettifica &nbsp;e di opposizione ai dati personali che lo concernono. \u00c8 sufficiente che il cliente ne faccia domanda alla societ\u00e0 \u00ab&nbsp;Paris pocket \u2013 Facilitateur de vie&nbsp;\u00bb per e-mail o posta ordinaria, indicando nome, cognome e indirizzo.<\/p>\n<p><\/p>\n<p><strong><em>&nbsp;<\/em><\/strong><strong><em>Articolo 10 : CONFIDENZIALIT\u00c0<\/em><\/strong><\/p>\n<p><\/p>\n<p>La societ\u00e0 \u00ab&nbsp;Paris pocket \u2013 Facilitateur de vie<sup>\u00ae<\/sup>&nbsp;\u00bb si impegna a non diffondere le informazioni personali dei suoi clienti, tranne se tali informazioni sono gi\u00e0 pubbliche.<\/p>\n<p><\/p>\n<p><strong><em>&nbsp;<\/em><\/strong><strong><em>Articolo&nbsp;11: DIRITTO DI PROPRIET\u00c0<\/em><\/strong><\/p>\n<p><\/p>\n<p>Tutti i documenti, le informazioni, i testi, le immagini e le foto riprodotti sul sito internet della societ\u00e0 \u00ab&nbsp;Paris pocket \u2013 Facilitateur de vie<sup>\u00ae<\/sup>&nbsp;\u00bb o su documenti cartacei e elettronici, sono strettamente legati al diritto d\u2019autore. Ogni riproduzione, rappresentazione &nbsp;totale o parziale di tutto o una parte di questi elementi \u00e8 vietata.<\/p>\n<p><\/p>\n<p><strong><em>&nbsp;<\/em><\/strong><strong><em>Articolo&nbsp;12: LEGGE APPLICABILE AL CONTRATTO E ATTRIBUZIONE DELLA GIURISDIZIONE<\/em><\/strong><\/p>\n<p><\/p>\n<p>La societ\u00e0 \u00ab&nbsp;Paris pocket \u2013 Facilitateur de vie<sup>\u00ae<\/sup>&nbsp;\u00bb \u00e8 una societ\u00e0 di diritto francese. La legge applicabile alle relazioni contrattuali \u00e8 esclusivamente la legge francese.<\/p>\n<p><\/p>\t\t\t\t\t\t\t\t<\/div>\n\t\t\t\t<\/div>\n\t\t\t\t\t<\/div>\n\t\t\t\t<\/div>\n\t\t\t\t<\/div>\n\t\t","protected":false},"excerpt":{"rendered":"<p>La societ\u00e0 \u201cParis pocket \u2013 Facilitateur de vie\u00ae\u201d \u00e8 immatricolata in Francia e segue quindi il diritto francese, quella che segue \u00e8 una traduzione delle&nbsp;Condizioni generali di utilizzo francesi. PREMESSA La societ\u00e0 \u00ab Paris pocket \u2013 Facilitateur de vie\u00ae&nbsp;\u00bb, la cui sede \u00e8 al 232 boulevard Voltaire \u2013 75011 \u2013 Paris, propone dei servizi di assistenza amministrativa e di agenzia di servizi per privati e professionisti, effettuati a domicilio, in ufficio o a distanza. \u00c8 quindi intermediaria tra il cliente e i professionisti, rimanendo in alcuni casi fornitore diretto se il servizio richiesto non richiede una qualifica particolare. Articolo 1: ACCETTAZIONE DELLE CONDIZIONI D\u2019USO Le presenti Condizioni generali di vendita sono accessibili sul sito&nbsp;www.paris-pocket.com. Ogni ordine effettuato dal cliente vale come accettazione, senza restrizione ne riserva, delle presenti condizioni generali di vendita, lequali prevalgono su ogni altro documento emesso dalla societ\u00e0 \u00ab&nbsp;Paris pocket \u2013 Facilitateur de vie\u00ae&nbsp;\u00bb. Ogni altra condizione imposta dal cliente sar\u00e0, tranne accettazione preliminare da parte della societ\u00e0 \u00ab&nbsp;Paris pocket \u2013 Facilitateur de vie\u00ae&nbsp;\u00bb, inoppugnabile a quest\u2019ultima, in qualsiasi momento sia essa portata a sua conoscenza. Se la societ\u00e0 \u00ab&nbsp;Paris pocket \u2013 Facilitateur de vie\u00ae&nbsp;\u00bb non si avvale di una qualsiasi delle disposizioni delle presenti Condizioni generali di vendita, questa tolleranza non pu\u00f2 in nessun caso essere interpretata come una rinuncia a valersi ulteriormente delle suddette condizioni. &nbsp;Articolo 2: PRESTAZIONI e TARIFFE Sono proposti dei servizi a tariffa oraria, all\u2019unit\u00e0 e\/o dei pacchetti personalizzati, pagabili al momento dell\u2019acquisto della prestazione o una volta al mese se si tratta di una tariffa oraria. La lista non esaustiva delle prestazioni e le tariffe possono essere consultate sul sito&nbsp;www.paris-pocket.com. &nbsp;Articolo 3: ACQUISTO Ogni acquisto del cliente sar\u00e0 preceduto dalla redazione di un preventivo o di un contratto di prestazione di servizio firmato dal cliente. La redazione di ogni preventivo\/contratto necessiter\u00e0 un contatto preliminare tra le parti per email a:&nbsp;info@paris-pocket.com. Il cliente garantisce l\u2019esattezza delle informazioni fornite alla societ\u00e0 \u00ab&nbsp;Paris pocket \u2013 Facilitateur de vie\u00ae&nbsp;\u00bb. Riconosce di essere maggiorenne e di avere la capacit\u00e0 legale di impegnarsi a pagare. La societ\u00e0 \u00ab&nbsp;Paris pocket \u2013 Facilitateur de vie\u00ae&nbsp;\u00bb sar\u00e0 vincolata solamente dopo la ricezione del preventivo\/contratto firmato dal cliente. I preventivi emessi dalla societ\u00e0 \u00ab&nbsp;Paris pocket \u2013 Facilitateur de vie\u00ae&nbsp;\u00bb sono validi 1 mese, con riserva che i fornitori non procedano durante questo lasso di tempo a un aumento dei prezzi sulla loro merce o sui loro servizi. La societ\u00e0 \u00ab&nbsp;Paris pocket \u2013 Facilitateur de vie\u00ae&nbsp;\u00bb si impegna a rispondere alla domanda del cliente nel pi\u00f9 breve tempo possibile. Se la prestazione non pu\u00f2 essere fornita nelle condizioni decise al momento dell\u2019acquisto, una proposta alternativa potr\u00e0 essere fatta al cliente. Se quest\u2019ultima non \u00e8 accettata, un rimborso potr\u00e0 essere proposto per le prestazioni che non rientrano in un forfait. Nel caso in cui il fornitore non sia in grado di effettuare la prestazione in maniera conforme alla domanda del cliente, sar\u00e0 cura del cliente di domandare direttamente il rimborso al fornitore. La societ\u00e0 \u00ab&nbsp;Paris pocket \u2013 Facilitateur de vie\u00ae&nbsp;\u00bb, in qualit\u00e0 di intermediario, non \u00e8 responsabile del prodotto o del servizio consegnato dal fornitore al cliente. &nbsp;Articolo&nbsp;4: PAGAMENTI I prodotti e servizi saranno fatturati sulla base delle tariffe indicate precisamente, in euro e IVA inclusa, al momento della conferma dell\u2019acquisto da parte della societ\u00e0 \u00ab&nbsp;Paris pocket \u2013 Facilitateur de vie\u00ae&nbsp;\u00bb. Il mancato pagamento del cliente di una fattura arrivata a scadenza autorizza la societ\u00e0 \u00ab&nbsp;Paris pocket \u2013 Facilitateur de vie\u00ae&nbsp;\u00bb ad annullare la prestazione in corso. Penalit\u00e0 di ritardo al tasso annuale di 11%, nessuno sconto in caso di pagamento anticipato. Compensazione forfettaria per i costi di recupero in caso di ritardo nel pagamento: \u20ac 40 Articolo&nbsp;5: CONSEGNA Le condizioni di consegna saranno definite dalle parti prima dell\u2019inizio della prestazione. In qualit\u00e0 di intermediario e dipendente dai tempi dei suoi fornitori, la societ\u00e0 \u00ab&nbsp;Paris pocket \u2013 Facilitateur de vie\u00ae&nbsp;\u00bb non potr\u00e0 essere considerata responsabile dei danni causati da un ritardo nella consegna di un prodotto o servizio. Di conseguenza, il non rispetto dei tempi di consegna stabiliti con i fornitori non potr\u00e0 comportare nessuna indennit\u00e0 di nessuna natura dalla parte della societ\u00e0 \u00ab&nbsp;Paris pocket \u2013 Facilitateur de vie\u00ae&nbsp;\u00bb. Le stesse condizioni sono valide per quanto riguarda la qualit\u00e0 delle prestazioni effettuate dal fornitore. &nbsp;Articolo 6: DIRITTO DI RECESSO Conformemente all\u2019articolo L.121-20 del Codice della Consumazione, il cliente dispone di un termine di sette giorni per far valere il suo diritto di recesso, esclusivamente presso i fornitori e non presso la societ\u00e0 \u00ab&nbsp;Paris pocket \u2013 Facilitateur de vie\u00ae&nbsp;\u00bb. Questo diritto vale a partire dalla ricezione, per i prodotti, o dall\u2019accettazione dell\u2019offerta per le prestazioni di servizio. Se il settimo giorno \u00e8 un sabato, una domenica o un giorno festivo, il termine \u00e8 allora prolungato fino al primo giorno lavorativo seguente. Il diritto di recesso pu\u00f2 essere esercitato senza dover giustificare un motivo o pagare delle penalit\u00e0, a eccezione fatta delle spese di invio se si presenta il caso. Sar\u00e0 possibile un cambio o un rimborso esclusivamente dalla parte del fornitore. In nessun caso sar\u00e0 accettato un cambio o un rimborso dopo il termine del settimo giorno a partire dalla data di invio per i prodotti, o dall\u2019accettazione dell\u2019offerta per le prestazioni di servizi. Le spese di invio sono a carico esclusivo del cliente e solo il prodotto o il servizio acquistato sar\u00e0 rimborsato dal fornitore. Solo i prodotti inviati in perfetto stato e nei termini di tempo potranno essere cambiati o rimborsati. I prodotti incompleti, danneggiati, rovinati o sporchi non saranno ne ripresi ne cambiati. I prodotti dovranno essere inviati all\u2019indirizzo del fornitore, le cui coordinate: \u2013 potranno essere menzionate nella conferma scritta che potr\u00e0 essere indirizzata dalla societ\u00e0 \u00ab&nbsp;Paris pocket \u2013 Facilitateur de vie&nbsp;\u00bb al cliente in seguito all\u2019accettazione del preventivo; \u2013 saranno fornite dalla societ\u00e0 \u00ab&nbsp;Paris pocket \u2013 Facilitateur de vie&nbsp;\u00bb su semplice richiesta Attenzione: questo diritto di recesso non si applica ne alle prestazioni di servizio di natura turistica, ne ai prodotti personalizzati secondo le specifiche del cliente o che non possono essere rispediti perch\u00e9 suscettibili di deteriorarsi rapidamente.<\/p>\n","protected":false},"author":3,"featured_media":0,"parent":0,"menu_order":0,"comment_status":"closed","ping_status":"closed","template":"","meta":{"footnotes":""},"class_list":["post-933","page","type-page","status-publish","hentry"],"_links":{"self":[{"href":"https:\/\/paris-pocket.com\/it\/wp-json\/wp\/v2\/pages\/933","targetHints":{"allow":["GET"]}}],"collection":[{"href":"https:\/\/paris-pocket.com\/it\/wp-json\/wp\/v2\/pages"}],"about":[{"href":"https:\/\/paris-pocket.com\/it\/wp-json\/wp\/v2\/types\/page"}],"author":[{"embeddable":true,"href":"https:\/\/paris-pocket.com\/it\/wp-json\/wp\/v2\/users\/3"}],"replies":[{"embeddable":true,"href":"https:\/\/paris-pocket.com\/it\/wp-json\/wp\/v2\/comments?post=933"}],"version-history":[{"count":6,"href":"https:\/\/paris-pocket.com\/it\/wp-json\/wp\/v2\/pages\/933\/revisions"}],"predecessor-version":[{"id":16076,"href":"https:\/\/paris-pocket.com\/it\/wp-json\/wp\/v2\/pages\/933\/revisions\/16076"}],"wp:attachment":[{"href":"https:\/\/paris-pocket.com\/it\/wp-json\/wp\/v2\/media?parent=933"}],"curies":[{"name":"wp","href":"https:\/\/api.w.org\/{rel}","templated":true}]}}